{"id":39,"date":"2026-01-15T09:12:56","date_gmt":"2026-01-15T08:12:56","guid":{"rendered":"http:\/\/ulicamizafona.you2.pl\/index.php\/about-us\/"},"modified":"2026-01-21T19:48:10","modified_gmt":"2026-01-21T18:48:10","slug":"about-us","status":"publish","type":"page","link":"https:\/\/ulicamizafona.you2.pl\/index.php\/about-us\/","title":{"rendered":"Nasza kadra"},"content":{"rendered":"\t\t<div data-elementor-type=\"wp-page\" data-elementor-id=\"39\" class=\"elementor elementor-39\" data-elementor-post-type=\"page\">\n\t\t\t\t<div class=\"elementor-element elementor-element-19ef1803 e-con-full e-flex e-con e-parent\" data-id=\"19ef1803\" data-element_type=\"container\">\n\t\t<div class=\"elementor-element elementor-element-1324e3b6 e-con-full e-flex e-con e-child\" data-id=\"1324e3b6\" data-element_type=\"container\">\n\t\t<div class=\"elementor-element elementor-element-1cadb05f e-con-full e-flex e-con e-child\" data-id=\"1cadb05f\" data-element_type=\"container\">\n\t\t\t\t<div class=\"elementor-element elementor-element-30fbb45e elementor-widget elementor-widget-heading\" data-id=\"30fbb45e\" data-element_type=\"widget\" data-widget_type=\"heading.default\">\n\t\t\t\t\t<h1 class=\"elementor-heading-title elementor-size-default\">Ulicami wspomnie\u0144. Co\u015b o nas.<\/h1>\t\t\t\t<\/div>\n\t\t\t\t<div class=\"elementor-element elementor-element-1a58cb49 elementor-widget__width-initial elementor-invisible elementor-widget elementor-widget-text-editor\" data-id=\"1a58cb49\" data-element_type=\"widget\" data-settings=\"{&quot;_animation&quot;:&quot;fadeInDown&quot;}\" data-widget_type=\"text-editor.default\">\n\t\t\t\t\t\t\t\t\t<p>Jeste\u015bmy grup\u0105 marzycieli, kt\u00f3rych po\u0142\u0105czy\u0142a pasja do <b data-path-to-node=\"3\" data-index-in-node=\"54\">fotografii<\/b> i mi\u0142o\u015b\u0107 do literackich \u015bwiat\u00f3w <b data-path-to-node=\"3\" data-index-in-node=\"97\">Carlosa Ruiza Zaf\u00f3na<\/b>. Poznaj nas bli\u017cej.\u00a0<\/p>\t\t\t\t\t\t\t\t<\/div>\n\t\t\t\t<\/div>\n\t\t\t\t<div class=\"elementor-element elementor-element-1ceac7c0 elementor-invisible elementor-widget elementor-widget-heading\" data-id=\"1ceac7c0\" data-element_type=\"widget\" data-settings=\"{&quot;_animation&quot;:&quot;fadeInUp&quot;}\" data-widget_type=\"heading.default\">\n\t\t\t\t\t<span class=\"elementor-heading-title elementor-size-default\">studio<\/span>\t\t\t\t<\/div>\n\t\t\t\t<\/div>\n\t\t<div class=\"elementor-element elementor-element-3d423c1b e-con-full e-flex e-con e-child\" data-id=\"3d423c1b\" data-element_type=\"container\" data-settings=\"{&quot;background_background&quot;:&quot;classic&quot;}\">\n\t\t\t\t<\/div>\n\t\t\t\t<\/div>\n\t\t<div class=\"elementor-element elementor-element-6d796fa4 e-con-full e-flex e-con e-parent\" data-id=\"6d796fa4\" data-element_type=\"container\">\n\t\t<div class=\"elementor-element elementor-element-120bfebc e-con-full e-flex e-con e-child\" data-id=\"120bfebc\" data-element_type=\"container\" data-settings=\"{&quot;background_background&quot;:&quot;classic&quot;}\">\n\t\t\t\t<\/div>\n\t\t<div class=\"elementor-element elementor-element-358ca1a6 e-con-full e-flex e-con e-child\" data-id=\"358ca1a6\" data-element_type=\"container\">\n\t\t\t\t<div class=\"elementor-element elementor-element-f555ea7 elementor-widget elementor-widget-heading\" data-id=\"f555ea7\" data-element_type=\"widget\" data-widget_type=\"heading.default\">\n\t\t\t\t\t<h2 class=\"elementor-heading-title elementor-size-default\">Ludzie Labiryntu; nasz zesp\u00f3\u0142<\/h2>\t\t\t\t<\/div>\n\t\t\t\t<div class=\"elementor-element elementor-element-65dd65ce elementor-widget elementor-widget-text-editor\" data-id=\"65dd65ce\" data-element_type=\"widget\" data-widget_type=\"text-editor.default\">\n\t\t\t\t\t\t\t\t\t<p>Grupa pasjonat\u00f3w, jedno spojrzenie. Wierzymy w magi\u0119 analogu, ziarno czerni i bieli oraz historie zapisane na murach miast. To my stoimy za obiektywem, by\u015b Ty m\u00f3g\u0142 zobaczy\u0107 to, co niewidoczne na pierwszy rzut oka.<\/p><p>Poznaj rzemie\u015blnik\u00f3w, kt\u00f3rzy tworz\u0105 labirynt naszych obraz\u00f3w.<\/p>\t\t\t\t\t\t\t\t<\/div>\n\t\t\t\t<\/div>\n\t\t\t\t<\/div>\n\t\t<div class=\"elementor-element elementor-element-1f7a8d9f e-con-full e-flex e-con e-parent\" data-id=\"1f7a8d9f\" data-element_type=\"container\">\n\t\t\t\t<div class=\"elementor-element elementor-element-197f8eca elementor-widget elementor-widget-heading\" data-id=\"197f8eca\" data-element_type=\"widget\" data-widget_type=\"heading.default\">\n\t\t\t\t\t<span class=\"elementor-heading-title elementor-size-default\">to my<\/span>\t\t\t\t<\/div>\n\t\t<div class=\"elementor-element elementor-element-146f7095 e-con-full e-flex e-con e-child\" data-id=\"146f7095\" data-element_type=\"container\">\n\t\t\t\t<div class=\"elementor-element elementor-element-15ae3bcd elementor-widget-tablet__width-initial elementor-widget-mobile__width-inherit elementor-position-top elementor-widget elementor-widget-image-box\" data-id=\"15ae3bcd\" data-element_type=\"widget\" data-widget_type=\"image-box.default\">\n\t\t\t\t\t<div class=\"elementor-image-box-wrapper\"><figure class=\"elementor-image-box-img\"><img fetchpriority=\"high\" decoding=\"async\" width=\"327\" height=\"293\" src=\"https:\/\/ulicamizafona.you2.pl\/wp-content\/uploads\/2026\/01\/AboutPage-Instructors_1.jpg\" class=\"elementor-animation-sink attachment-full size-full wp-image-42\" alt=\"\" srcset=\"https:\/\/ulicamizafona.you2.pl\/wp-content\/uploads\/2026\/01\/AboutPage-Instructors_1.jpg 327w, https:\/\/ulicamizafona.you2.pl\/wp-content\/uploads\/2026\/01\/AboutPage-Instructors_1-300x269.jpg 300w\" sizes=\"(max-width: 327px) 100vw, 327px\" \/><\/figure><div class=\"elementor-image-box-content\"><h3 class=\"elementor-image-box-title\">Maja H\u0142asko<\/h3><p class=\"elementor-image-box-description\">Fotografia analogowa<\/p><\/div><\/div>\t\t\t\t<\/div>\n\t\t\t\t<div class=\"elementor-element elementor-element-6230e63d elementor-widget-tablet__width-initial elementor-widget-mobile__width-inherit elementor-position-top elementor-widget elementor-widget-image-box\" data-id=\"6230e63d\" data-element_type=\"widget\" data-widget_type=\"image-box.default\">\n\t\t\t\t\t<div class=\"elementor-image-box-wrapper\"><figure class=\"elementor-image-box-img\"><img decoding=\"async\" width=\"300\" height=\"300\" src=\"https:\/\/ulicamizafona.you2.pl\/wp-content\/uploads\/2026\/01\/photo-1542909168-82c3e7fdca5c-300x300.jpg\" class=\"elementor-animation-sink attachment-medium size-medium wp-image-179\" alt=\"\" srcset=\"https:\/\/ulicamizafona.you2.pl\/wp-content\/uploads\/2026\/01\/photo-1542909168-82c3e7fdca5c-300x300.jpg 300w, https:\/\/ulicamizafona.you2.pl\/wp-content\/uploads\/2026\/01\/photo-1542909168-82c3e7fdca5c-1024x1024.jpg 1024w, https:\/\/ulicamizafona.you2.pl\/wp-content\/uploads\/2026\/01\/photo-1542909168-82c3e7fdca5c-150x150.jpg 150w, https:\/\/ulicamizafona.you2.pl\/wp-content\/uploads\/2026\/01\/photo-1542909168-82c3e7fdca5c-768x768.jpg 768w, https:\/\/ulicamizafona.you2.pl\/wp-content\/uploads\/2026\/01\/photo-1542909168-82c3e7fdca5c-1536x1536.jpg 1536w, https:\/\/ulicamizafona.you2.pl\/wp-content\/uploads\/2026\/01\/photo-1542909168-82c3e7fdca5c-2048x2048.jpg 2048w\" sizes=\"(max-width: 300px) 100vw, 300px\" \/><\/figure><div class=\"elementor-image-box-content\"><h3 class=\"elementor-image-box-title\">Miko\u0142aj Malina<\/h3><p class=\"elementor-image-box-description\">Zdj\u0119cia natychmiastowe<\/p><\/div><\/div>\t\t\t\t<\/div>\n\t\t\t\t<div class=\"elementor-element elementor-element-37a88672 elementor-widget-tablet__width-initial elementor-widget-mobile__width-inherit elementor-position-top elementor-widget elementor-widget-image-box\" data-id=\"37a88672\" data-element_type=\"widget\" data-widget_type=\"image-box.default\">\n\t\t\t\t\t<div class=\"elementor-image-box-wrapper\"><figure class=\"elementor-image-box-img\"><img decoding=\"async\" width=\"327\" height=\"293\" src=\"https:\/\/ulicamizafona.you2.pl\/wp-content\/uploads\/2026\/01\/AboutPage-Instructors_3.jpg\" class=\"elementor-animation-sink attachment-full size-full wp-image-44\" alt=\"\" srcset=\"https:\/\/ulicamizafona.you2.pl\/wp-content\/uploads\/2026\/01\/AboutPage-Instructors_3.jpg 327w, https:\/\/ulicamizafona.you2.pl\/wp-content\/uploads\/2026\/01\/AboutPage-Instructors_3-300x269.jpg 300w\" sizes=\"(max-width: 327px) 100vw, 327px\" \/><\/figure><div class=\"elementor-image-box-content\"><h3 class=\"elementor-image-box-title\">Ella Siren<\/h3><p class=\"elementor-image-box-description\">\u015awiat\u0142o zastane<\/p><\/div><\/div>\t\t\t\t<\/div>\n\t\t\t\t<div class=\"elementor-element elementor-element-35b6758f elementor-widget-tablet__width-initial elementor-widget-mobile__width-inherit elementor-position-top elementor-widget elementor-widget-image-box\" data-id=\"35b6758f\" data-element_type=\"widget\" data-widget_type=\"image-box.default\">\n\t\t\t\t\t<div class=\"elementor-image-box-wrapper\"><figure class=\"elementor-image-box-img\"><img loading=\"lazy\" decoding=\"async\" width=\"327\" height=\"293\" src=\"https:\/\/ulicamizafona.you2.pl\/wp-content\/uploads\/2026\/01\/AboutPage-Instructors_4.jpg\" class=\"elementor-animation-sink attachment-full size-full wp-image-45\" alt=\"\" srcset=\"https:\/\/ulicamizafona.you2.pl\/wp-content\/uploads\/2026\/01\/AboutPage-Instructors_4.jpg 327w, https:\/\/ulicamizafona.you2.pl\/wp-content\/uploads\/2026\/01\/AboutPage-Instructors_4-300x269.jpg 300w\" sizes=\"(max-width: 327px) 100vw, 327px\" \/><\/figure><div class=\"elementor-image-box-content\"><h3 class=\"elementor-image-box-title\">Waleriana Wolata<\/h3><p class=\"elementor-image-box-description\">Ceramics Superhero Instructor\n<\/p><\/div><\/div>\t\t\t\t<\/div>\n\t\t\t\t<\/div>\n\t\t\t\t<\/div>\n\t\t<div class=\"elementor-element elementor-element-69340c3b e-flex e-con-boxed e-con e-parent\" data-id=\"69340c3b\" data-element_type=\"container\">\n\t\t\t\t\t<div class=\"e-con-inner\">\n\t\t\t\t<div class=\"elementor-element elementor-element-4711d607 elementor-widget-divider--view-line elementor-widget elementor-widget-divider\" data-id=\"4711d607\" data-element_type=\"widget\" data-widget_type=\"divider.default\">\n\t\t\t\t\t\t\t<div class=\"elementor-divider\">\n\t\t\t<span class=\"elementor-divider-separator\">\n\t\t\t\t\t\t<\/span>\n\t\t<\/div>\n\t\t\t\t\t\t<\/div>\n\t\t\t\t<div class=\"elementor-element elementor-element-79477c55 elementor-widget elementor-widget-heading\" data-id=\"79477c55\" data-element_type=\"widget\" data-widget_type=\"heading.default\">\n\t\t\t\t\t<h2 class=\"elementor-heading-title elementor-size-default\">Dzi\u0119kujemy \u017ce tu zajrza\u0142e\u015b\n<\/h2>\t\t\t\t<\/div>\n\t\t\t\t<div class=\"elementor-element elementor-element-a4c3e5c elementor-invisible elementor-widget elementor-widget-text-editor\" data-id=\"a4c3e5c\" data-element_type=\"widget\" data-settings=\"{&quot;_animation&quot;:&quot;fadeIn&quot;}\" data-widget_type=\"text-editor.default\">\n\t\t\t\t\t\t\t\t\t<p>Ulicami Zafona to projekt otwarty.<br \/>Prawdziwa opowie\u015b\u0107 dzieje si\u0119 w Twojej wyobra\u017ani, gdy patrzysz na nasze kadry i czujesz ch\u0142\u00f3d barcelo\u0144skiej mg\u0142y.<\/p><p>To w\u0142a\u015bnie my. Dzi\u0119ki, \u017ce wpad\u0142e\u015b do naszego \u015bwiata i po\u015bwi\u0119ci\u0142e\u015b nam chwil\u0119. Mamy nadziej\u0119, \u017ce zostaniesz w tym labiryncie nieco d\u0142u\u017cej.<\/p>\t\t\t\t\t\t\t\t<\/div>\n\t\t\t\t\t<\/div>\n\t\t\t\t<\/div>\n\t\t<div class=\"elementor-element elementor-element-46b5651b e-con-full e-flex e-con e-parent\" data-id=\"46b5651b\" data-element_type=\"container\" data-settings=\"{&quot;background_background&quot;:&quot;classic&quot;}\">\n\t\t<div class=\"elementor-element elementor-element-60f665f1 e-con-full e-flex e-con e-child\" data-id=\"60f665f1\" data-element_type=\"container\">\n\t\t\t\t<div class=\"elementor-element elementor-element-1395ee38 elementor-position-left elementor-vertical-align-middle elementor-widget elementor-widget-image-box\" data-id=\"1395ee38\" data-element_type=\"widget\" data-widget_type=\"image-box.default\">\n\t\t\t\t\t<div class=\"elementor-image-box-wrapper\"><figure class=\"elementor-image-box-img\"><img loading=\"lazy\" decoding=\"async\" width=\"207\" height=\"185\" src=\"https:\/\/ulicamizafona.you2.pl\/wp-content\/uploads\/2026\/01\/AboutPage-Testimonials_1.jpg\" class=\"attachment-full size-full wp-image-46\" alt=\"\" \/><\/figure><div class=\"elementor-image-box-content\"><p class=\"elementor-image-box-title\">Zaf\u00f3n nauczy\u0142 mnie, \u017ce przedmioty maj\u0105 pami\u0119\u0107. Na tej stronie dbam o to, by ka\u017cde zdj\u0119cie mia\u0142o sw\u00f3j literacki kontekst. Tropi\u0119 \u015blady przesz\u0142o\u015bci w nowoczesnych miastach i zmieniam je w opowie\u015bci.<\/p><p class=\"elementor-image-box-description\">Miko\u0142aj Sanchez<\/p><\/div><\/div>\t\t\t\t<\/div>\n\t\t\t\t<div class=\"elementor-element elementor-element-6ca5f40c elementor-position-left elementor-vertical-align-middle elementor-widget elementor-widget-image-box\" data-id=\"6ca5f40c\" data-element_type=\"widget\" data-widget_type=\"image-box.default\">\n\t\t\t\t\t<div class=\"elementor-image-box-wrapper\"><figure class=\"elementor-image-box-img\"><img loading=\"lazy\" decoding=\"async\" width=\"207\" height=\"185\" src=\"https:\/\/ulicamizafona.you2.pl\/wp-content\/uploads\/2026\/01\/AboutPage-Testimonials_2.jpg\" class=\"attachment-full size-full wp-image-47\" alt=\"\" \/><\/figure><div class=\"elementor-image-box-content\"><p class=\"elementor-image-box-title\">Moim zadaniem jest nadanie obrazom tej specyficznej, ezoterycznej aury. Pracuj\u0119 z palet\u0105 srebra, popio\u0142u i g\u0142\u0119bokiej czerni, by nasze wizje przenosi\u0142y widza w g\u0142\u0105b snu, z kt\u00f3rego nie chce si\u0119 budzi\u0107.<\/p><p class=\"elementor-image-box-description\">Maria Martinez<\/p><\/div><\/div>\t\t\t\t<\/div>\n\t\t\t\t<\/div>\n\t\t\t\t<div class=\"elementor-element elementor-element-2e2a5b04 elementor-invisible elementor-widget elementor-widget-heading\" data-id=\"2e2a5b04\" data-element_type=\"widget\" data-settings=\"{&quot;_animation&quot;:&quot;fadeInUp&quot;}\" data-widget_type=\"heading.default\">\n\t\t\t\t\t<span class=\"elementor-heading-title elementor-size-default\">marzenia<\/span>\t\t\t\t<\/div>\n\t\t\t\t<\/div>\n\t\t\t\t<\/div>\n\t\t","protected":false},"excerpt":{"rendered":"<p>Ulicami wspomnie\u0144. Co\u015b o nas. Jeste\u015bmy grup\u0105 marzycieli, kt\u00f3rych po\u0142\u0105czy\u0142a pasja do fotografii i mi\u0142o\u015b\u0107 do literackich \u015bwiat\u00f3w Carlosa Ruiza Zaf\u00f3na. Poznaj nas bli\u017cej.\u00a0 studio Ludzie Labiryntu; nasz zesp\u00f3\u0142 Grupa pasjonat\u00f3w, jedno spojrzenie. Wierzymy w magi\u0119 analogu, ziarno czerni i bieli oraz historie zapisane na murach miast. To my stoimy za obiektywem, by\u015b Ty m\u00f3g\u0142 [&hellip;]<\/p>\n","protected":false},"author":1,"featured_media":50,"parent":0,"menu_order":0,"comment_status":"closed","ping_status":"closed","template":"elementor_header_footer","meta":{"footnotes":""},"class_list":["post-39","page","type-page","status-publish","has-post-thumbnail","hentry"],"_links":{"self":[{"href":"https:\/\/ulicamizafona.you2.pl\/index.php\/wp-json\/wp\/v2\/pages\/39","targetHints":{"allow":["GET"]}}],"collection":[{"href":"https:\/\/ulicamizafona.you2.pl\/index.php\/wp-json\/wp\/v2\/pages"}],"about":[{"href":"https:\/\/ulicamizafona.you2.pl\/index.php\/wp-json\/wp\/v2\/types\/page"}],"author":[{"embeddable":true,"href":"https:\/\/ulicamizafona.you2.pl\/index.php\/wp-json\/wp\/v2\/users\/1"}],"replies":[{"embeddable":true,"href":"https:\/\/ulicamizafona.you2.pl\/index.php\/wp-json\/wp\/v2\/comments?post=39"}],"version-history":[{"count":8,"href":"https:\/\/ulicamizafona.you2.pl\/index.php\/wp-json\/wp\/v2\/pages\/39\/revisions"}],"predecessor-version":[{"id":188,"href":"https:\/\/ulicamizafona.you2.pl\/index.php\/wp-json\/wp\/v2\/pages\/39\/revisions\/188"}],"wp:featuredmedia":[{"embeddable":true,"href":"https:\/\/ulicamizafona.you2.pl\/index.php\/wp-json\/wp\/v2\/media\/50"}],"wp:attachment":[{"href":"https:\/\/ulicamizafona.you2.pl\/index.php\/wp-json\/wp\/v2\/media?parent=39"}],"curies":[{"name":"wp","href":"https:\/\/api.w.org\/{rel}","templated":true}]}}